{"id":147,"date":"2020-01-22T23:32:24","date_gmt":"2020-01-22T23:32:24","guid":{"rendered":"http:\/\/janeotiniano.com\/?page_id=147"},"modified":"2020-02-12T17:04:25","modified_gmt":"2020-02-12T17:04:25","slug":"vivienda-atarama","status":"publish","type":"page","link":"https:\/\/janeoti.com\/?page_id=147","title":{"rendered":"Vivienda Atarama"},"content":{"rendered":"\n<p class=\"has-medium-font-size\"><strong>Ampliaci\u00f3n de vivienda &#8220;Atarama&#8221;, Piura, Per\u00fa<\/strong><\/p>\n\n\n\n<div class=\"wp-block-media-text alignwide\"><figure class=\"wp-block-media-text__media\"><img decoding=\"async\" src=\"http:\/\/janeotiniano.com\/wp-content\/uploads\/2020\/01\/8.jpg\" alt=\"\" class=\"wp-image-33\"\/><\/figure><div class=\"wp-block-media-text__content\">\n<p class=\"has-medium-font-size\"><strong>FICHA T\u00c9CNICA<\/strong><\/p>\n\n\n\n<p><strong>Dise\u00f1o arquitect\u00f3nico:<\/strong> Jane Otiniano<\/p>\n\n\n\n<p><strong>A\u00f1o: <\/strong>2019<\/p>\n\n\n\n<p><strong>\u00c1rea:<\/strong> 160 m2<\/p>\n\n\n\n<p><strong>Cliente:<\/strong> Familia Atarama<\/p>\n<\/div><\/div>\n\n\n\n<figure class=\"wp-block-image size-large\"><img loading=\"lazy\" decoding=\"async\" width=\"1024\" height=\"1024\" src=\"http:\/\/janeotiniano.com\/wp-content\/uploads\/2020\/01\/46-1024x1024.jpg\" alt=\"\" class=\"wp-image-49\" srcset=\"https:\/\/janeoti.com\/wp-content\/uploads\/2020\/01\/46-1024x1024.jpg 1024w, https:\/\/janeoti.com\/wp-content\/uploads\/2020\/01\/46-300x300.jpg 300w, https:\/\/janeoti.com\/wp-content\/uploads\/2020\/01\/46-150x150.jpg 150w, https:\/\/janeoti.com\/wp-content\/uploads\/2020\/01\/46-768x768.jpg 768w, https:\/\/janeoti.com\/wp-content\/uploads\/2020\/01\/46-70x70.jpg 70w, https:\/\/janeoti.com\/wp-content\/uploads\/2020\/01\/46-127x127.jpg 127w, https:\/\/janeoti.com\/wp-content\/uploads\/2020\/01\/46-476x476.jpg 476w, https:\/\/janeoti.com\/wp-content\/uploads\/2020\/01\/46-125x125.jpg 125w, https:\/\/janeoti.com\/wp-content\/uploads\/2020\/01\/46.jpg 1080w\" sizes=\"auto, (max-width: 1024px) 100vw, 1024px\" \/><\/figure>\n\n\n\n<p class=\"has-medium-font-size\"><strong><em>Descripci\u00f3n del proyecto<\/em><\/strong><\/p>\n\n\n\n<p>Ampliaci\u00f3n de una vivienda existente de dos pisos a 4 pisos m\u00e1s azotea m\u00e1s remodelaci\u00f3n de fachada. <\/p>\n\n\n\n<p><strong>Primer piso<\/strong><\/p>\n\n\n\n<ul class=\"wp-block-list\"><li>Existente<\/li><li>Construcci\u00f3n de escalera independiente para acceso a los pisos superiores. <\/li><\/ul>\n\n\n\n<p><strong>Segundo piso<\/strong><\/p>\n\n\n\n<ul class=\"wp-block-list\"><li>Existente<\/li><\/ul>\n\n\n\n<p><strong>Tercer piso<\/strong><\/p>\n\n\n\n<p><strong>Mini departamento 1<\/strong><\/p>\n\n\n\n<ul class=\"wp-block-list\"><li>Sala comedor <\/li><li>Kitchenette<\/li><li>SS.HH. general<\/li><li>Dormitorio 1<\/li><li>Dormitori 2 + SS.HH. <\/li><\/ul>\n\n\n\n<p><\/p>\n\n\n\n<p> <strong>Mini departamento 2<\/strong><\/p>\n\n\n\n<p><\/p>\n\n\n\n<ul class=\"wp-block-list\"><li>Sala comedor <\/li><li>Kitchenette<\/li><li>SS.HH. <\/li><li>Dormitori 1   <\/li><\/ul>\n\n\n\n<p><strong>Cuarto piso<\/strong><\/p>\n\n\n\n<ul class=\"wp-block-list\"><li><strong>Mini departamento 3<\/strong><\/li><li> Sala comedor <\/li><li>Kitchenette<\/li><li>SS.HH. <\/li><li>Dormitorio 1    <\/li><li>5 dormitorios independientes para alquiler. <\/li><\/ul>\n\n\n\n<p> <strong>Azotea<\/strong><\/p>\n\n\n\n<ul class=\"wp-block-list\"><li>Zona de estar<\/li><li>Parrilla BBQ.<\/li><li>Bar<\/li><li>SS.HH. general<\/li><li>Dormitorio de servicio<\/li><li>Lavanderia+ tendal <\/li><\/ul>\n\n\n\n<p class=\"has-medium-font-size\"><strong><em>Dise\u00f1o de interiores de vivienda &#8220;Atarama&#8221;<\/em><\/strong><\/p>\n\n\n\n<div class=\"wp-block-button\"><a class=\"wp-block-button__link has-background\" href=\"http:\/\/janeotiniano.com\/diseno-de-interiores-de-vivienda-atarama\/\" style=\"background-color:#0f7784\">Ver el dise\u00f1o de interiores<\/a><\/div>\n\n\n\n<p class=\"has-medium-font-size\"><strong><em>Galer\u00eda de im\u00e1genes<\/em><\/strong><\/p>\n\n\n\n<figure class=\"wp-block-gallery columns-3 is-cropped wp-block-gallery-1 is-layout-flex wp-block-gallery-is-layout-flex\"><ul class=\"blocks-gallery-grid\"><li class=\"blocks-gallery-item\"><figure><a href=\"http:\/\/janeotiniano.com\/?attachment_id=148\"><img loading=\"lazy\" decoding=\"async\" width=\"1024\" height=\"1024\" src=\"http:\/\/janeotiniano.com\/wp-content\/uploads\/2020\/01\/47-1024x1024.jpg\" alt=\"\" data-id=\"148\" data-full-url=\"http:\/\/janeotiniano.com\/wp-content\/uploads\/2020\/01\/47.jpg\" data-link=\"http:\/\/janeotiniano.com\/?attachment_id=148\" class=\"wp-image-148\" srcset=\"https:\/\/janeoti.com\/wp-content\/uploads\/2020\/01\/47-1024x1024.jpg 1024w, https:\/\/janeoti.com\/wp-content\/uploads\/2020\/01\/47-300x300.jpg 300w, https:\/\/janeoti.com\/wp-content\/uploads\/2020\/01\/47-150x150.jpg 150w, https:\/\/janeoti.com\/wp-content\/uploads\/2020\/01\/47-768x768.jpg 768w, https:\/\/janeoti.com\/wp-content\/uploads\/2020\/01\/47-70x70.jpg 70w, https:\/\/janeoti.com\/wp-content\/uploads\/2020\/01\/47-127x127.jpg 127w, https:\/\/janeoti.com\/wp-content\/uploads\/2020\/01\/47-476x476.jpg 476w, https:\/\/janeoti.com\/wp-content\/uploads\/2020\/01\/47-125x125.jpg 125w, https:\/\/janeoti.com\/wp-content\/uploads\/2020\/01\/47.jpg 1080w\" sizes=\"auto, (max-width: 1024px) 100vw, 1024px\" \/><\/a><\/figure><\/li><li class=\"blocks-gallery-item\"><figure><a href=\"http:\/\/janeotiniano.com\/46\/\"><img loading=\"lazy\" decoding=\"async\" width=\"1024\" height=\"1024\" src=\"http:\/\/janeotiniano.com\/wp-content\/uploads\/2020\/01\/46-1024x1024.jpg\" alt=\"\" data-id=\"49\" data-full-url=\"http:\/\/janeotiniano.com\/wp-content\/uploads\/2020\/01\/46.jpg\" data-link=\"http:\/\/janeotiniano.com\/46\/\" class=\"wp-image-49\" srcset=\"https:\/\/janeoti.com\/wp-content\/uploads\/2020\/01\/46-1024x1024.jpg 1024w, https:\/\/janeoti.com\/wp-content\/uploads\/2020\/01\/46-300x300.jpg 300w, https:\/\/janeoti.com\/wp-content\/uploads\/2020\/01\/46-150x150.jpg 150w, https:\/\/janeoti.com\/wp-content\/uploads\/2020\/01\/46-768x768.jpg 768w, https:\/\/janeoti.com\/wp-content\/uploads\/2020\/01\/46-70x70.jpg 70w, https:\/\/janeoti.com\/wp-content\/uploads\/2020\/01\/46-127x127.jpg 127w, https:\/\/janeoti.com\/wp-content\/uploads\/2020\/01\/46-476x476.jpg 476w, https:\/\/janeoti.com\/wp-content\/uploads\/2020\/01\/46-125x125.jpg 125w, https:\/\/janeoti.com\/wp-content\/uploads\/2020\/01\/46.jpg 1080w\" sizes=\"auto, (max-width: 1024px) 100vw, 1024px\" \/><\/a><\/figure><\/li><li class=\"blocks-gallery-item\"><figure><a href=\"http:\/\/janeotiniano.com\/?attachment_id=149\"><img loading=\"lazy\" decoding=\"async\" width=\"1024\" height=\"1024\" src=\"http:\/\/janeotiniano.com\/wp-content\/uploads\/2020\/01\/48-1024x1024.jpg\" alt=\"\" data-id=\"149\" data-full-url=\"http:\/\/janeotiniano.com\/wp-content\/uploads\/2020\/01\/48.jpg\" data-link=\"http:\/\/janeotiniano.com\/?attachment_id=149\" class=\"wp-image-149\" srcset=\"https:\/\/janeoti.com\/wp-content\/uploads\/2020\/01\/48-1024x1024.jpg 1024w, https:\/\/janeoti.com\/wp-content\/uploads\/2020\/01\/48-300x300.jpg 300w, https:\/\/janeoti.com\/wp-content\/uploads\/2020\/01\/48-150x150.jpg 150w, https:\/\/janeoti.com\/wp-content\/uploads\/2020\/01\/48-768x768.jpg 768w, https:\/\/janeoti.com\/wp-content\/uploads\/2020\/01\/48-70x70.jpg 70w, https:\/\/janeoti.com\/wp-content\/uploads\/2020\/01\/48-127x127.jpg 127w, https:\/\/janeoti.com\/wp-content\/uploads\/2020\/01\/48-476x476.jpg 476w, https:\/\/janeoti.com\/wp-content\/uploads\/2020\/01\/48-125x125.jpg 125w, https:\/\/janeoti.com\/wp-content\/uploads\/2020\/01\/48.jpg 1080w\" sizes=\"auto, (max-width: 1024px) 100vw, 1024px\" \/><\/a><\/figure><\/li><li class=\"blocks-gallery-item\"><figure><a href=\"http:\/\/janeotiniano.com\/?attachment_id=150\"><img loading=\"lazy\" decoding=\"async\" width=\"1024\" height=\"1024\" src=\"http:\/\/janeotiniano.com\/wp-content\/uploads\/2020\/01\/50-1024x1024.jpg\" alt=\"\" data-id=\"150\" data-full-url=\"http:\/\/janeotiniano.com\/wp-content\/uploads\/2020\/01\/50.jpg\" data-link=\"http:\/\/janeotiniano.com\/?attachment_id=150\" class=\"wp-image-150\" srcset=\"https:\/\/janeoti.com\/wp-content\/uploads\/2020\/01\/50-1024x1024.jpg 1024w, https:\/\/janeoti.com\/wp-content\/uploads\/2020\/01\/50-300x300.jpg 300w, https:\/\/janeoti.com\/wp-content\/uploads\/2020\/01\/50-150x150.jpg 150w, https:\/\/janeoti.com\/wp-content\/uploads\/2020\/01\/50-768x768.jpg 768w, https:\/\/janeoti.com\/wp-content\/uploads\/2020\/01\/50-70x70.jpg 70w, https:\/\/janeoti.com\/wp-content\/uploads\/2020\/01\/50-127x127.jpg 127w, https:\/\/janeoti.com\/wp-content\/uploads\/2020\/01\/50-476x476.jpg 476w, https:\/\/janeoti.com\/wp-content\/uploads\/2020\/01\/50-125x125.jpg 125w, https:\/\/janeoti.com\/wp-content\/uploads\/2020\/01\/50.jpg 1080w\" sizes=\"auto, (max-width: 1024px) 100vw, 1024px\" \/><\/a><\/figure><\/li><li class=\"blocks-gallery-item\"><figure><a href=\"http:\/\/janeotiniano.com\/?attachment_id=151\"><img loading=\"lazy\" decoding=\"async\" width=\"1024\" height=\"1024\" src=\"http:\/\/janeotiniano.com\/wp-content\/uploads\/2020\/01\/51-1024x1024.jpg\" alt=\"\" data-id=\"151\" data-full-url=\"http:\/\/janeotiniano.com\/wp-content\/uploads\/2020\/01\/51.jpg\" data-link=\"http:\/\/janeotiniano.com\/?attachment_id=151\" class=\"wp-image-151\" srcset=\"https:\/\/janeoti.com\/wp-content\/uploads\/2020\/01\/51-1024x1024.jpg 1024w, https:\/\/janeoti.com\/wp-content\/uploads\/2020\/01\/51-300x300.jpg 300w, https:\/\/janeoti.com\/wp-content\/uploads\/2020\/01\/51-150x150.jpg 150w, https:\/\/janeoti.com\/wp-content\/uploads\/2020\/01\/51-768x768.jpg 768w, https:\/\/janeoti.com\/wp-content\/uploads\/2020\/01\/51-70x70.jpg 70w, https:\/\/janeoti.com\/wp-content\/uploads\/2020\/01\/51-127x127.jpg 127w, https:\/\/janeoti.com\/wp-content\/uploads\/2020\/01\/51-476x476.jpg 476w, https:\/\/janeoti.com\/wp-content\/uploads\/2020\/01\/51-125x125.jpg 125w, https:\/\/janeoti.com\/wp-content\/uploads\/2020\/01\/51.jpg 1080w\" sizes=\"auto, (max-width: 1024px) 100vw, 1024px\" \/><\/a><\/figure><\/li><li class=\"blocks-gallery-item\"><figure><a href=\"http:\/\/janeotiniano.com\/?attachment_id=152\"><img loading=\"lazy\" decoding=\"async\" width=\"1024\" height=\"1024\" src=\"http:\/\/janeotiniano.com\/wp-content\/uploads\/2020\/01\/52-1024x1024.jpg\" alt=\"\" data-id=\"152\" data-full-url=\"http:\/\/janeotiniano.com\/wp-content\/uploads\/2020\/01\/52.jpg\" data-link=\"http:\/\/janeotiniano.com\/?attachment_id=152\" class=\"wp-image-152\" srcset=\"https:\/\/janeoti.com\/wp-content\/uploads\/2020\/01\/52-1024x1024.jpg 1024w, https:\/\/janeoti.com\/wp-content\/uploads\/2020\/01\/52-300x300.jpg 300w, https:\/\/janeoti.com\/wp-content\/uploads\/2020\/01\/52-150x150.jpg 150w, https:\/\/janeoti.com\/wp-content\/uploads\/2020\/01\/52-768x768.jpg 768w, https:\/\/janeoti.com\/wp-content\/uploads\/2020\/01\/52-70x70.jpg 70w, https:\/\/janeoti.com\/wp-content\/uploads\/2020\/01\/52-127x127.jpg 127w, https:\/\/janeoti.com\/wp-content\/uploads\/2020\/01\/52-476x476.jpg 476w, https:\/\/janeoti.com\/wp-content\/uploads\/2020\/01\/52-125x125.jpg 125w, https:\/\/janeoti.com\/wp-content\/uploads\/2020\/01\/52.jpg 1080w\" sizes=\"auto, (max-width: 1024px) 100vw, 1024px\" \/><\/a><\/figure><\/li><li class=\"blocks-gallery-item\"><figure><a href=\"http:\/\/janeotiniano.com\/?attachment_id=153\"><img loading=\"lazy\" decoding=\"async\" width=\"1024\" height=\"1024\" src=\"http:\/\/janeotiniano.com\/wp-content\/uploads\/2020\/01\/53-1024x1024.jpg\" alt=\"\" data-id=\"153\" data-full-url=\"http:\/\/janeotiniano.com\/wp-content\/uploads\/2020\/01\/53.jpg\" data-link=\"http:\/\/janeotiniano.com\/?attachment_id=153\" class=\"wp-image-153\" srcset=\"https:\/\/janeoti.com\/wp-content\/uploads\/2020\/01\/53-1024x1024.jpg 1024w, https:\/\/janeoti.com\/wp-content\/uploads\/2020\/01\/53-300x300.jpg 300w, https:\/\/janeoti.com\/wp-content\/uploads\/2020\/01\/53-150x150.jpg 150w, https:\/\/janeoti.com\/wp-content\/uploads\/2020\/01\/53-768x768.jpg 768w, https:\/\/janeoti.com\/wp-content\/uploads\/2020\/01\/53-70x70.jpg 70w, https:\/\/janeoti.com\/wp-content\/uploads\/2020\/01\/53-127x127.jpg 127w, https:\/\/janeoti.com\/wp-content\/uploads\/2020\/01\/53-476x476.jpg 476w, https:\/\/janeoti.com\/wp-content\/uploads\/2020\/01\/53-125x125.jpg 125w, https:\/\/janeoti.com\/wp-content\/uploads\/2020\/01\/53.jpg 1080w\" sizes=\"auto, (max-width: 1024px) 100vw, 1024px\" \/><\/a><\/figure><\/li><li class=\"blocks-gallery-item\"><figure><a href=\"http:\/\/janeotiniano.com\/?attachment_id=155\"><img loading=\"lazy\" decoding=\"async\" width=\"1024\" height=\"1024\" src=\"http:\/\/janeotiniano.com\/wp-content\/uploads\/2020\/01\/54-1-1024x1024.jpg\" alt=\"\" data-id=\"155\" data-full-url=\"http:\/\/janeotiniano.com\/wp-content\/uploads\/2020\/01\/54-1.jpg\" data-link=\"http:\/\/janeotiniano.com\/?attachment_id=155\" class=\"wp-image-155\" srcset=\"https:\/\/janeoti.com\/wp-content\/uploads\/2020\/01\/54-1-1024x1024.jpg 1024w, https:\/\/janeoti.com\/wp-content\/uploads\/2020\/01\/54-1-300x300.jpg 300w, https:\/\/janeoti.com\/wp-content\/uploads\/2020\/01\/54-1-150x150.jpg 150w, https:\/\/janeoti.com\/wp-content\/uploads\/2020\/01\/54-1-768x768.jpg 768w, https:\/\/janeoti.com\/wp-content\/uploads\/2020\/01\/54-1-70x70.jpg 70w, https:\/\/janeoti.com\/wp-content\/uploads\/2020\/01\/54-1-127x127.jpg 127w, https:\/\/janeoti.com\/wp-content\/uploads\/2020\/01\/54-1-476x476.jpg 476w, https:\/\/janeoti.com\/wp-content\/uploads\/2020\/01\/54-1-125x125.jpg 125w, https:\/\/janeoti.com\/wp-content\/uploads\/2020\/01\/54-1.jpg 1080w\" sizes=\"auto, (max-width: 1024px) 100vw, 1024px\" \/><\/a><\/figure><\/li><li class=\"blocks-gallery-item\"><figure><a href=\"http:\/\/janeotiniano.com\/?attachment_id=156\"><img loading=\"lazy\" decoding=\"async\" width=\"1024\" height=\"1024\" src=\"http:\/\/janeotiniano.com\/wp-content\/uploads\/2020\/01\/55-1024x1024.jpg\" alt=\"\" data-id=\"156\" data-full-url=\"http:\/\/janeotiniano.com\/wp-content\/uploads\/2020\/01\/55.jpg\" data-link=\"http:\/\/janeotiniano.com\/?attachment_id=156\" class=\"wp-image-156\" srcset=\"https:\/\/janeoti.com\/wp-content\/uploads\/2020\/01\/55-1024x1024.jpg 1024w, https:\/\/janeoti.com\/wp-content\/uploads\/2020\/01\/55-300x300.jpg 300w, https:\/\/janeoti.com\/wp-content\/uploads\/2020\/01\/55-150x150.jpg 150w, https:\/\/janeoti.com\/wp-content\/uploads\/2020\/01\/55-768x768.jpg 768w, https:\/\/janeoti.com\/wp-content\/uploads\/2020\/01\/55-70x70.jpg 70w, https:\/\/janeoti.com\/wp-content\/uploads\/2020\/01\/55-127x127.jpg 127w, https:\/\/janeoti.com\/wp-content\/uploads\/2020\/01\/55-476x476.jpg 476w, https:\/\/janeoti.com\/wp-content\/uploads\/2020\/01\/55-125x125.jpg 125w, https:\/\/janeoti.com\/wp-content\/uploads\/2020\/01\/55.jpg 1080w\" sizes=\"auto, (max-width: 1024px) 100vw, 1024px\" \/><\/a><\/figure><\/li><li class=\"blocks-gallery-item\"><figure><a href=\"http:\/\/janeotiniano.com\/?attachment_id=157\"><img loading=\"lazy\" decoding=\"async\" width=\"1024\" height=\"1024\" src=\"http:\/\/janeotiniano.com\/wp-content\/uploads\/2020\/01\/56-1024x1024.jpg\" alt=\"\" data-id=\"157\" data-full-url=\"http:\/\/janeotiniano.com\/wp-content\/uploads\/2020\/01\/56.jpg\" data-link=\"http:\/\/janeotiniano.com\/?attachment_id=157\" class=\"wp-image-157\" srcset=\"https:\/\/janeoti.com\/wp-content\/uploads\/2020\/01\/56-1024x1024.jpg 1024w, https:\/\/janeoti.com\/wp-content\/uploads\/2020\/01\/56-300x300.jpg 300w, https:\/\/janeoti.com\/wp-content\/uploads\/2020\/01\/56-150x150.jpg 150w, https:\/\/janeoti.com\/wp-content\/uploads\/2020\/01\/56-768x768.jpg 768w, https:\/\/janeoti.com\/wp-content\/uploads\/2020\/01\/56-70x70.jpg 70w, https:\/\/janeoti.com\/wp-content\/uploads\/2020\/01\/56-127x127.jpg 127w, https:\/\/janeoti.com\/wp-content\/uploads\/2020\/01\/56-476x476.jpg 476w, https:\/\/janeoti.com\/wp-content\/uploads\/2020\/01\/56-125x125.jpg 125w, https:\/\/janeoti.com\/wp-content\/uploads\/2020\/01\/56.jpg 1080w\" sizes=\"auto, (max-width: 1024px) 100vw, 1024px\" \/><\/a><\/figure><\/li><li class=\"blocks-gallery-item\"><figure><a href=\"http:\/\/janeotiniano.com\/?attachment_id=158\"><img loading=\"lazy\" decoding=\"async\" width=\"1024\" height=\"1024\" src=\"http:\/\/janeotiniano.com\/wp-content\/uploads\/2020\/01\/57-1024x1024.jpg\" alt=\"\" data-id=\"158\" data-full-url=\"http:\/\/janeotiniano.com\/wp-content\/uploads\/2020\/01\/57.jpg\" data-link=\"http:\/\/janeotiniano.com\/?attachment_id=158\" class=\"wp-image-158\" srcset=\"https:\/\/janeoti.com\/wp-content\/uploads\/2020\/01\/57-1024x1024.jpg 1024w, https:\/\/janeoti.com\/wp-content\/uploads\/2020\/01\/57-300x300.jpg 300w, https:\/\/janeoti.com\/wp-content\/uploads\/2020\/01\/57-150x150.jpg 150w, https:\/\/janeoti.com\/wp-content\/uploads\/2020\/01\/57-768x768.jpg 768w, https:\/\/janeoti.com\/wp-content\/uploads\/2020\/01\/57-70x70.jpg 70w, https:\/\/janeoti.com\/wp-content\/uploads\/2020\/01\/57-127x127.jpg 127w, https:\/\/janeoti.com\/wp-content\/uploads\/2020\/01\/57-476x476.jpg 476w, https:\/\/janeoti.com\/wp-content\/uploads\/2020\/01\/57-125x125.jpg 125w, https:\/\/janeoti.com\/wp-content\/uploads\/2020\/01\/57.jpg 1080w\" sizes=\"auto, (max-width: 1024px) 100vw, 1024px\" \/><\/a><\/figure><\/li><li class=\"blocks-gallery-item\"><figure><a href=\"http:\/\/janeotiniano.com\/?attachment_id=159\"><img loading=\"lazy\" decoding=\"async\" width=\"1024\" height=\"1024\" src=\"http:\/\/janeotiniano.com\/wp-content\/uploads\/2020\/01\/58-1024x1024.jpg\" alt=\"\" data-id=\"159\" data-full-url=\"http:\/\/janeotiniano.com\/wp-content\/uploads\/2020\/01\/58.jpg\" data-link=\"http:\/\/janeotiniano.com\/?attachment_id=159\" class=\"wp-image-159\" srcset=\"https:\/\/janeoti.com\/wp-content\/uploads\/2020\/01\/58-1024x1024.jpg 1024w, https:\/\/janeoti.com\/wp-content\/uploads\/2020\/01\/58-300x300.jpg 300w, https:\/\/janeoti.com\/wp-content\/uploads\/2020\/01\/58-150x150.jpg 150w, https:\/\/janeoti.com\/wp-content\/uploads\/2020\/01\/58-768x768.jpg 768w, https:\/\/janeoti.com\/wp-content\/uploads\/2020\/01\/58-70x70.jpg 70w, https:\/\/janeoti.com\/wp-content\/uploads\/2020\/01\/58-127x127.jpg 127w, https:\/\/janeoti.com\/wp-content\/uploads\/2020\/01\/58-476x476.jpg 476w, https:\/\/janeoti.com\/wp-content\/uploads\/2020\/01\/58-125x125.jpg 125w, https:\/\/janeoti.com\/wp-content\/uploads\/2020\/01\/58.jpg 1080w\" sizes=\"auto, (max-width: 1024px) 100vw, 1024px\" \/><\/a><\/figure><\/li><li class=\"blocks-gallery-item\"><figure><a href=\"http:\/\/janeotiniano.com\/49\/\"><img loading=\"lazy\" decoding=\"async\" width=\"1024\" height=\"1024\" src=\"http:\/\/janeotiniano.com\/wp-content\/uploads\/2020\/01\/49-1024x1024.jpg\" alt=\"\" data-id=\"57\" data-full-url=\"http:\/\/janeotiniano.com\/wp-content\/uploads\/2020\/01\/49.jpg\" data-link=\"http:\/\/janeotiniano.com\/49\/\" class=\"wp-image-57\" srcset=\"https:\/\/janeoti.com\/wp-content\/uploads\/2020\/01\/49-1024x1024.jpg 1024w, https:\/\/janeoti.com\/wp-content\/uploads\/2020\/01\/49-300x300.jpg 300w, https:\/\/janeoti.com\/wp-content\/uploads\/2020\/01\/49-150x150.jpg 150w, https:\/\/janeoti.com\/wp-content\/uploads\/2020\/01\/49-768x768.jpg 768w, https:\/\/janeoti.com\/wp-content\/uploads\/2020\/01\/49-70x70.jpg 70w, https:\/\/janeoti.com\/wp-content\/uploads\/2020\/01\/49-127x127.jpg 127w, https:\/\/janeoti.com\/wp-content\/uploads\/2020\/01\/49-476x476.jpg 476w, https:\/\/janeoti.com\/wp-content\/uploads\/2020\/01\/49-125x125.jpg 125w, https:\/\/janeoti.com\/wp-content\/uploads\/2020\/01\/49.jpg 1080w\" sizes=\"auto, (max-width: 1024px) 100vw, 1024px\" \/><\/a><\/figure><\/li><\/ul><\/figure>\n\n\n\n<div class=\"wp-block-button\"><a class=\"wp-block-button__link has-background\" href=\"http:\/\/janeotiniano.com\/portafolio-de-proyectos\/\" style=\"background-color:#0f7784\">Ver otros proyectos &#8230;<\/a><\/div>\n","protected":false},"excerpt":{"rendered":"<p>Ampliaci\u00f3n de vivienda &#8220;Atarama&#8221;, Piura, Per\u00fa FICHA T\u00c9CNICA Dise\u00f1o arquitect\u00f3nico: Jane Otiniano A\u00f1o: 2019 \u00c1rea: 160 m2 Cliente: Familia Atarama Descripci\u00f3n del proyecto Ampliaci\u00f3n de una vivienda existente de dos pisos a 4 pisos m\u00e1s azotea m\u00e1s remodelaci\u00f3n de fachada. Primer piso Existente Construcci\u00f3n de escalera independiente para acceso a los pisos superiores. Segundo piso [&hellip;]<\/p>\n","protected":false},"author":1,"featured_media":0,"parent":0,"menu_order":0,"comment_status":"closed","ping_status":"closed","template":"page-templates\/no-sidebar.php","meta":{"om_disable_all_campaigns":false,"_monsterinsights_skip_tracking":false,"_monsterinsights_sitenote_active":false,"_monsterinsights_sitenote_note":"","_monsterinsights_sitenote_category":0,"footnotes":""},"class_list":["post-147","page","type-page","status-publish","hentry"],"_links":{"self":[{"href":"https:\/\/janeoti.com\/index.php?rest_route=\/wp\/v2\/pages\/147","targetHints":{"allow":["GET"]}}],"collection":[{"href":"https:\/\/janeoti.com\/index.php?rest_route=\/wp\/v2\/pages"}],"about":[{"href":"https:\/\/janeoti.com\/index.php?rest_route=\/wp\/v2\/types\/page"}],"author":[{"embeddable":true,"href":"https:\/\/janeoti.com\/index.php?rest_route=\/wp\/v2\/users\/1"}],"replies":[{"embeddable":true,"href":"https:\/\/janeoti.com\/index.php?rest_route=%2Fwp%2Fv2%2Fcomments&post=147"}],"version-history":[{"count":2,"href":"https:\/\/janeoti.com\/index.php?rest_route=\/wp\/v2\/pages\/147\/revisions"}],"predecessor-version":[{"id":222,"href":"https:\/\/janeoti.com\/index.php?rest_route=\/wp\/v2\/pages\/147\/revisions\/222"}],"wp:attachment":[{"href":"https:\/\/janeoti.com\/index.php?rest_route=%2Fwp%2Fv2%2Fmedia&parent=147"}],"curies":[{"name":"wp","href":"https:\/\/api.w.org\/{rel}","templated":true}]}}