{"id":121,"date":"2020-01-22T22:00:32","date_gmt":"2020-01-22T22:00:32","guid":{"rendered":"http:\/\/janeotiniano.com\/?page_id=121"},"modified":"2020-02-12T17:15:39","modified_gmt":"2020-02-12T17:15:39","slug":"parque-miraflores","status":"publish","type":"page","link":"https:\/\/janeoti.com\/?page_id=121","title":{"rendered":"Parque Miraflores"},"content":{"rendered":"\n<p class=\"has-medium-font-size\"><strong>Dise\u00f1o de Parque Miraflores, Piura, Per\u00fa<\/strong><\/p>\n\n\n\n<div class=\"wp-block-media-text alignwide\"><figure class=\"wp-block-media-text__media\"><img decoding=\"async\" src=\"http:\/\/janeotiniano.com\/wp-content\/uploads\/2020\/01\/3.jpg\" alt=\"\" class=\"wp-image-29\"\/><\/figure><div class=\"wp-block-media-text__content\">\n<p class=\"has-medium-font-size\"><strong>FICHA T\u00c9CNICA<\/strong><\/p>\n\n\n\n<p><strong>Dise\u00f1o arquitect\u00f3nico:<\/strong> Jane Otiniano<\/p>\n\n\n\n<p><strong>A\u00f1o: <\/strong>2017<\/p>\n\n\n\n<p><strong>Cliente:<\/strong> Privado<\/p>\n<\/div><\/div>\n\n\n\n<figure class=\"wp-block-image size-large\"><img loading=\"lazy\" decoding=\"async\" width=\"1024\" height=\"1024\" src=\"http:\/\/janeotiniano.com\/wp-content\/uploads\/2020\/01\/66-1024x1024.jpg\" alt=\"\" class=\"wp-image-51\" srcset=\"https:\/\/janeoti.com\/wp-content\/uploads\/2020\/01\/66-1024x1024.jpg 1024w, https:\/\/janeoti.com\/wp-content\/uploads\/2020\/01\/66-300x300.jpg 300w, https:\/\/janeoti.com\/wp-content\/uploads\/2020\/01\/66-150x150.jpg 150w, https:\/\/janeoti.com\/wp-content\/uploads\/2020\/01\/66-768x768.jpg 768w, https:\/\/janeoti.com\/wp-content\/uploads\/2020\/01\/66-70x70.jpg 70w, https:\/\/janeoti.com\/wp-content\/uploads\/2020\/01\/66-127x127.jpg 127w, https:\/\/janeoti.com\/wp-content\/uploads\/2020\/01\/66-476x476.jpg 476w, https:\/\/janeoti.com\/wp-content\/uploads\/2020\/01\/66-125x125.jpg 125w, https:\/\/janeoti.com\/wp-content\/uploads\/2020\/01\/66.jpg 1080w\" sizes=\"auto, (max-width: 1024px) 100vw, 1024px\" \/><\/figure>\n\n\n\n<p class=\"has-medium-font-size\"><strong><em>Descripci\u00f3n de proyecto<\/em><\/strong><\/p>\n\n\n\n<p>Un lugar dise\u00f1ado para generar v\u00ednculos entre las personas a trav\u00e9s de espacios de descanso, esparcimiento, recreaci\u00f3n y ejercicio. <\/p>\n\n\n\n<p>Pensado sobre todo en la accesibilidad para personas con discapacidad. <\/p>\n\n\n\n<p>Con una diversidad de actividades para realizar, como juegos para ni\u00f1os, zona de calistenia, m\u00e1quinas bio saludables, juegos de mesa, plataforma deportiva multiusos, \u00e1reas verdes y ciclov\u00eda. <\/p>\n\n\n\n<p class=\"has-medium-font-size\"><strong><em>Resumen de ambientes<\/em><\/strong><\/p>\n\n\n\n<p>&#8211; Zona para calistenia<br>&#8211; M\u00e1quinas bio saludables<br>&#8211; Juegos de ajedrez<br>&#8211; Zona de descanso<br>&#8211; Juegos para ni\u00f1os<br>&#8211; Plataforma multiusos<br>&#8211; \u00c1rea verde<br>&#8211; Ciclov\u00eda<\/p>\n\n\n\n<p class=\"has-medium-font-size\"><strong><em>Galer\u00eda de Im\u00e1genes<\/em><\/strong><\/p>\n\n\n\n<figure class=\"wp-block-gallery columns-3 is-cropped wp-block-gallery-1 is-layout-flex wp-block-gallery-is-layout-flex\"><ul class=\"blocks-gallery-grid\"><li class=\"blocks-gallery-item\"><figure><a href=\"http:\/\/janeotiniano.com\/?attachment_id=122\"><img loading=\"lazy\" decoding=\"async\" width=\"1024\" height=\"1024\" src=\"http:\/\/janeotiniano.com\/wp-content\/uploads\/2020\/01\/64-1024x1024.jpg\" alt=\"\" data-id=\"122\" data-full-url=\"http:\/\/janeotiniano.com\/wp-content\/uploads\/2020\/01\/64.jpg\" data-link=\"http:\/\/janeotiniano.com\/?attachment_id=122\" class=\"wp-image-122\" srcset=\"https:\/\/janeoti.com\/wp-content\/uploads\/2020\/01\/64-1024x1024.jpg 1024w, https:\/\/janeoti.com\/wp-content\/uploads\/2020\/01\/64-300x300.jpg 300w, https:\/\/janeoti.com\/wp-content\/uploads\/2020\/01\/64-150x150.jpg 150w, https:\/\/janeoti.com\/wp-content\/uploads\/2020\/01\/64-768x768.jpg 768w, https:\/\/janeoti.com\/wp-content\/uploads\/2020\/01\/64-70x70.jpg 70w, https:\/\/janeoti.com\/wp-content\/uploads\/2020\/01\/64-127x127.jpg 127w, https:\/\/janeoti.com\/wp-content\/uploads\/2020\/01\/64-476x476.jpg 476w, https:\/\/janeoti.com\/wp-content\/uploads\/2020\/01\/64-125x125.jpg 125w, https:\/\/janeoti.com\/wp-content\/uploads\/2020\/01\/64.jpg 1080w\" sizes=\"auto, (max-width: 1024px) 100vw, 1024px\" \/><\/a><\/figure><\/li><li class=\"blocks-gallery-item\"><figure><a href=\"http:\/\/janeotiniano.com\/?attachment_id=123\"><img loading=\"lazy\" decoding=\"async\" width=\"1024\" height=\"1024\" src=\"http:\/\/janeotiniano.com\/wp-content\/uploads\/2020\/01\/65-1024x1024.jpg\" alt=\"\" data-id=\"123\" data-full-url=\"http:\/\/janeotiniano.com\/wp-content\/uploads\/2020\/01\/65.jpg\" data-link=\"http:\/\/janeotiniano.com\/?attachment_id=123\" class=\"wp-image-123\" srcset=\"https:\/\/janeoti.com\/wp-content\/uploads\/2020\/01\/65-1024x1024.jpg 1024w, https:\/\/janeoti.com\/wp-content\/uploads\/2020\/01\/65-300x300.jpg 300w, https:\/\/janeoti.com\/wp-content\/uploads\/2020\/01\/65-150x150.jpg 150w, https:\/\/janeoti.com\/wp-content\/uploads\/2020\/01\/65-768x768.jpg 768w, https:\/\/janeoti.com\/wp-content\/uploads\/2020\/01\/65-70x70.jpg 70w, https:\/\/janeoti.com\/wp-content\/uploads\/2020\/01\/65-127x127.jpg 127w, https:\/\/janeoti.com\/wp-content\/uploads\/2020\/01\/65-476x476.jpg 476w, https:\/\/janeoti.com\/wp-content\/uploads\/2020\/01\/65-125x125.jpg 125w, https:\/\/janeoti.com\/wp-content\/uploads\/2020\/01\/65.jpg 1080w\" sizes=\"auto, (max-width: 1024px) 100vw, 1024px\" \/><\/a><\/figure><\/li><li class=\"blocks-gallery-item\"><figure><a href=\"http:\/\/janeotiniano.com\/?attachment_id=124\"><img loading=\"lazy\" decoding=\"async\" width=\"1024\" height=\"1024\" src=\"http:\/\/janeotiniano.com\/wp-content\/uploads\/2020\/01\/67-1024x1024.jpg\" alt=\"\" data-id=\"124\" data-full-url=\"http:\/\/janeotiniano.com\/wp-content\/uploads\/2020\/01\/67.jpg\" data-link=\"http:\/\/janeotiniano.com\/?attachment_id=124\" class=\"wp-image-124\" srcset=\"https:\/\/janeoti.com\/wp-content\/uploads\/2020\/01\/67-1024x1024.jpg 1024w, https:\/\/janeoti.com\/wp-content\/uploads\/2020\/01\/67-300x300.jpg 300w, https:\/\/janeoti.com\/wp-content\/uploads\/2020\/01\/67-150x150.jpg 150w, https:\/\/janeoti.com\/wp-content\/uploads\/2020\/01\/67-768x768.jpg 768w, https:\/\/janeoti.com\/wp-content\/uploads\/2020\/01\/67-70x70.jpg 70w, https:\/\/janeoti.com\/wp-content\/uploads\/2020\/01\/67-127x127.jpg 127w, https:\/\/janeoti.com\/wp-content\/uploads\/2020\/01\/67-476x476.jpg 476w, https:\/\/janeoti.com\/wp-content\/uploads\/2020\/01\/67-125x125.jpg 125w, https:\/\/janeoti.com\/wp-content\/uploads\/2020\/01\/67.jpg 1080w\" sizes=\"auto, (max-width: 1024px) 100vw, 1024px\" \/><\/a><\/figure><\/li><li class=\"blocks-gallery-item\"><figure><a href=\"http:\/\/janeotiniano.com\/?attachment_id=125\"><img loading=\"lazy\" decoding=\"async\" width=\"1024\" height=\"1024\" src=\"http:\/\/janeotiniano.com\/wp-content\/uploads\/2020\/01\/68-1024x1024.jpg\" alt=\"\" data-id=\"125\" data-full-url=\"http:\/\/janeotiniano.com\/wp-content\/uploads\/2020\/01\/68.jpg\" data-link=\"http:\/\/janeotiniano.com\/?attachment_id=125\" class=\"wp-image-125\" srcset=\"https:\/\/janeoti.com\/wp-content\/uploads\/2020\/01\/68-1024x1024.jpg 1024w, https:\/\/janeoti.com\/wp-content\/uploads\/2020\/01\/68-300x300.jpg 300w, https:\/\/janeoti.com\/wp-content\/uploads\/2020\/01\/68-150x150.jpg 150w, https:\/\/janeoti.com\/wp-content\/uploads\/2020\/01\/68-768x768.jpg 768w, https:\/\/janeoti.com\/wp-content\/uploads\/2020\/01\/68-70x70.jpg 70w, https:\/\/janeoti.com\/wp-content\/uploads\/2020\/01\/68-127x127.jpg 127w, https:\/\/janeoti.com\/wp-content\/uploads\/2020\/01\/68-476x476.jpg 476w, https:\/\/janeoti.com\/wp-content\/uploads\/2020\/01\/68-125x125.jpg 125w, https:\/\/janeoti.com\/wp-content\/uploads\/2020\/01\/68.jpg 1080w\" sizes=\"auto, (max-width: 1024px) 100vw, 1024px\" \/><\/a><\/figure><\/li><li class=\"blocks-gallery-item\"><figure><a href=\"http:\/\/janeotiniano.com\/?attachment_id=126\"><img loading=\"lazy\" decoding=\"async\" width=\"1024\" height=\"1024\" src=\"http:\/\/janeotiniano.com\/wp-content\/uploads\/2020\/01\/69-1024x1024.jpg\" alt=\"\" data-id=\"126\" data-full-url=\"http:\/\/janeotiniano.com\/wp-content\/uploads\/2020\/01\/69.jpg\" data-link=\"http:\/\/janeotiniano.com\/?attachment_id=126\" class=\"wp-image-126\" srcset=\"https:\/\/janeoti.com\/wp-content\/uploads\/2020\/01\/69-1024x1024.jpg 1024w, https:\/\/janeoti.com\/wp-content\/uploads\/2020\/01\/69-300x300.jpg 300w, https:\/\/janeoti.com\/wp-content\/uploads\/2020\/01\/69-150x150.jpg 150w, https:\/\/janeoti.com\/wp-content\/uploads\/2020\/01\/69-768x768.jpg 768w, https:\/\/janeoti.com\/wp-content\/uploads\/2020\/01\/69-70x70.jpg 70w, https:\/\/janeoti.com\/wp-content\/uploads\/2020\/01\/69-127x127.jpg 127w, https:\/\/janeoti.com\/wp-content\/uploads\/2020\/01\/69-476x476.jpg 476w, https:\/\/janeoti.com\/wp-content\/uploads\/2020\/01\/69-125x125.jpg 125w, https:\/\/janeoti.com\/wp-content\/uploads\/2020\/01\/69.jpg 1080w\" sizes=\"auto, (max-width: 1024px) 100vw, 1024px\" \/><\/a><\/figure><\/li><li class=\"blocks-gallery-item\"><figure><a href=\"http:\/\/janeotiniano.com\/66\/\"><img loading=\"lazy\" decoding=\"async\" width=\"1024\" height=\"1024\" src=\"http:\/\/janeotiniano.com\/wp-content\/uploads\/2020\/01\/66-1024x1024.jpg\" alt=\"\" data-id=\"51\" data-full-url=\"http:\/\/janeotiniano.com\/wp-content\/uploads\/2020\/01\/66.jpg\" data-link=\"http:\/\/janeotiniano.com\/66\/\" class=\"wp-image-51\" srcset=\"https:\/\/janeoti.com\/wp-content\/uploads\/2020\/01\/66-1024x1024.jpg 1024w, https:\/\/janeoti.com\/wp-content\/uploads\/2020\/01\/66-300x300.jpg 300w, https:\/\/janeoti.com\/wp-content\/uploads\/2020\/01\/66-150x150.jpg 150w, https:\/\/janeoti.com\/wp-content\/uploads\/2020\/01\/66-768x768.jpg 768w, https:\/\/janeoti.com\/wp-content\/uploads\/2020\/01\/66-70x70.jpg 70w, https:\/\/janeoti.com\/wp-content\/uploads\/2020\/01\/66-127x127.jpg 127w, https:\/\/janeoti.com\/wp-content\/uploads\/2020\/01\/66-476x476.jpg 476w, https:\/\/janeoti.com\/wp-content\/uploads\/2020\/01\/66-125x125.jpg 125w, https:\/\/janeoti.com\/wp-content\/uploads\/2020\/01\/66.jpg 1080w\" sizes=\"auto, (max-width: 1024px) 100vw, 1024px\" \/><\/a><\/figure><\/li><li class=\"blocks-gallery-item\"><figure><a href=\"http:\/\/janeotiniano.com\/?attachment_id=127\"><img loading=\"lazy\" decoding=\"async\" width=\"960\" height=\"702\" src=\"http:\/\/janeotiniano.com\/wp-content\/uploads\/2020\/01\/8-2.jpg\" alt=\"\" data-id=\"127\" data-full-url=\"http:\/\/janeotiniano.com\/wp-content\/uploads\/2020\/01\/8-2.jpg\" data-link=\"http:\/\/janeotiniano.com\/?attachment_id=127\" class=\"wp-image-127\" srcset=\"https:\/\/janeoti.com\/wp-content\/uploads\/2020\/01\/8-2.jpg 960w, https:\/\/janeoti.com\/wp-content\/uploads\/2020\/01\/8-2-300x219.jpg 300w, https:\/\/janeoti.com\/wp-content\/uploads\/2020\/01\/8-2-768x562.jpg 768w\" sizes=\"auto, (max-width: 960px) 100vw, 960px\" \/><\/a><\/figure><\/li><\/ul><\/figure>\n\n\n\n<div class=\"wp-block-button\"><a class=\"wp-block-button__link has-background\" href=\"http:\/\/janeotiniano.com\/portafolio-de-proyectos\/\" style=\"background-color:#0f7784\">Ver otros proyectos &#8230;<\/a><\/div>\n","protected":false},"excerpt":{"rendered":"<p>Dise\u00f1o de Parque Miraflores, Piura, Per\u00fa FICHA T\u00c9CNICA Dise\u00f1o arquitect\u00f3nico: Jane Otiniano A\u00f1o: 2017 Cliente: Privado Descripci\u00f3n de proyecto Un lugar dise\u00f1ado para generar v\u00ednculos entre las personas a trav\u00e9s de espacios de descanso, esparcimiento, recreaci\u00f3n y ejercicio. Pensado sobre todo en la accesibilidad para personas con discapacidad. Con una diversidad de actividades para realizar, [&hellip;]<\/p>\n","protected":false},"author":1,"featured_media":0,"parent":0,"menu_order":0,"comment_status":"closed","ping_status":"closed","template":"","meta":{"om_disable_all_campaigns":false,"_monsterinsights_skip_tracking":false,"_monsterinsights_sitenote_active":false,"_monsterinsights_sitenote_note":"","_monsterinsights_sitenote_category":0,"footnotes":""},"class_list":["post-121","page","type-page","status-publish","hentry"],"_links":{"self":[{"href":"https:\/\/janeoti.com\/index.php?rest_route=\/wp\/v2\/pages\/121","targetHints":{"allow":["GET"]}}],"collection":[{"href":"https:\/\/janeoti.com\/index.php?rest_route=\/wp\/v2\/pages"}],"about":[{"href":"https:\/\/janeoti.com\/index.php?rest_route=\/wp\/v2\/types\/page"}],"author":[{"embeddable":true,"href":"https:\/\/janeoti.com\/index.php?rest_route=\/wp\/v2\/users\/1"}],"replies":[{"embeddable":true,"href":"https:\/\/janeoti.com\/index.php?rest_route=%2Fwp%2Fv2%2Fcomments&post=121"}],"version-history":[{"count":2,"href":"https:\/\/janeoti.com\/index.php?rest_route=\/wp\/v2\/pages\/121\/revisions"}],"predecessor-version":[{"id":226,"href":"https:\/\/janeoti.com\/index.php?rest_route=\/wp\/v2\/pages\/121\/revisions\/226"}],"wp:attachment":[{"href":"https:\/\/janeoti.com\/index.php?rest_route=%2Fwp%2Fv2%2Fmedia&parent=121"}],"curies":[{"name":"wp","href":"https:\/\/api.w.org\/{rel}","templated":true}]}}