{"id":112,"date":"2020-01-22T21:38:28","date_gmt":"2020-01-22T21:38:28","guid":{"rendered":"http:\/\/janeotiniano.com\/?page_id=112"},"modified":"2020-02-12T17:17:16","modified_gmt":"2020-02-12T17:17:16","slug":"ampliacion-de-modulo-en-los-portales","status":"publish","type":"page","link":"https:\/\/janeoti.com\/?page_id=112","title":{"rendered":"Ampliaci\u00f3n de m\u00f3dulo en Los Portales"},"content":{"rendered":"\n<p class=\"has-medium-font-size\"><strong>Ampliaci\u00f3n de m\u00f3dulo en Los Portales, Pimentel, Lambayeque, Per\u00fa<\/strong><\/p>\n\n\n\n<div class=\"wp-block-media-text alignwide\"><figure class=\"wp-block-media-text__media\"><img decoding=\"async\" src=\"http:\/\/janeotiniano.com\/wp-content\/uploads\/2020\/01\/6.jpg\" alt=\"\" class=\"wp-image-32\"\/><\/figure><div class=\"wp-block-media-text__content\">\n<p class=\"has-medium-font-size\"><strong>FICHA T\u00c9CNICA<\/strong><\/p>\n\n\n\n<p><strong>Dise\u00f1o arquitect\u00f3nico: <\/strong>Jane Otiniano<\/p>\n\n\n\n<p><strong>A\u00f1o: <\/strong>2017<\/p>\n\n\n\n<p><strong>\u00c1rea: <\/strong>90 m2<\/p>\n\n\n\n<p><strong>Cliente:<\/strong> Privado<\/p>\n<\/div><\/div>\n\n\n\n<figure class=\"wp-block-image size-large\"><img loading=\"lazy\" decoding=\"async\" width=\"1024\" height=\"1024\" src=\"http:\/\/janeotiniano.com\/wp-content\/uploads\/2020\/01\/71-1024x1024.jpg\" alt=\"\" class=\"wp-image-52\" srcset=\"https:\/\/janeoti.com\/wp-content\/uploads\/2020\/01\/71-1024x1024.jpg 1024w, https:\/\/janeoti.com\/wp-content\/uploads\/2020\/01\/71-300x300.jpg 300w, https:\/\/janeoti.com\/wp-content\/uploads\/2020\/01\/71-150x150.jpg 150w, https:\/\/janeoti.com\/wp-content\/uploads\/2020\/01\/71-768x768.jpg 768w, https:\/\/janeoti.com\/wp-content\/uploads\/2020\/01\/71-70x70.jpg 70w, https:\/\/janeoti.com\/wp-content\/uploads\/2020\/01\/71-127x127.jpg 127w, https:\/\/janeoti.com\/wp-content\/uploads\/2020\/01\/71-476x476.jpg 476w, https:\/\/janeoti.com\/wp-content\/uploads\/2020\/01\/71-125x125.jpg 125w, https:\/\/janeoti.com\/wp-content\/uploads\/2020\/01\/71.jpg 1080w\" sizes=\"auto, (max-width: 1024px) 100vw, 1024px\" \/><\/figure>\n\n\n\n<p class=\"has-medium-font-size\"><strong><em>Descripci\u00f3n del proyecto<\/em><\/strong><\/p>\n\n\n\n<p>Esta vivienda dise\u00f1ada para una ing. Agr\u00f3noma, integra perfectamente los ambientes interiores de la casa con terrazas de dise\u00f1o sol &#8211; sombra, en las cuales se podr\u00e1 contar con un \u00e1rea de descanso y mini huerta donde los jardines verticales son protagonistas, y permiten la adecuada iluminaci\u00f3n de la vivienda.<\/p>\n\n\n\n<p>Una escalera exterior independiente facilita el acceso a cada vivienda y destaca en una fachada sobria y elegante.<\/p>\n\n\n\n<p>La azotea que re\u00fane en un solo y amplio ambiente la sala de estar, bar, terraza y piscina, con un dise\u00f1o abierto, permite sentir la frescura de la brisa marina al encontrarse la edificaci\u00f3n a tan solo 20 minutos de la playa.<\/p>\n\n\n\n<p class=\"has-medium-font-size\"><strong><em>Resumen de ambientes<\/em><\/strong><\/p>\n\n\n\n<p><strong>Primer piso<br><\/strong>&#8211; Departamento 1<br>&#8211; Sala &#8211; comedor<br>&#8211; Cocina<br>&#8211; Lavander\u00eda + terraza<br>&#8211; 2 dormitorios<br>&#8211; 1 SS.HH. general<br><br><strong>Segundo piso<br><\/strong> &#8211; Departamento 2<br>&#8211; Sala &#8211; comedor<br>&#8211; Kitchenette<br>&#8211; Lavander\u00eda <br>&#8211; 1 Dormitorio principal + SS.HH.<br>&#8211; 2 dormitorios simples<br>&#8211; 1 SS.HH. general  <\/p>\n\n\n\n<p><strong>Terraza &#8211; Azotea<br><\/strong>&#8211;  Piscina<br>&#8211; Terraza<br>&#8211; Parrilla BBQ<br>&#8211; Zona de estar<br>&#8211; Cuarto de juegos<br>&#8211; Mini gym<br>&#8211; SS.HH.<\/p>\n\n\n\n<p class=\"has-medium-font-size\"><strong><em>Galer\u00eda de im\u00e1genes<\/em><\/strong><\/p>\n\n\n\n<figure class=\"wp-block-gallery columns-3 is-cropped wp-block-gallery-1 is-layout-flex wp-block-gallery-is-layout-flex\"><ul class=\"blocks-gallery-grid\"><li class=\"blocks-gallery-item\"><figure><a href=\"http:\/\/janeotiniano.com\/?attachment_id=113\"><img loading=\"lazy\" decoding=\"async\" width=\"1024\" height=\"1024\" src=\"http:\/\/janeotiniano.com\/wp-content\/uploads\/2020\/01\/70-1024x1024.jpg\" alt=\"\" data-id=\"113\" data-full-url=\"http:\/\/janeotiniano.com\/wp-content\/uploads\/2020\/01\/70.jpg\" data-link=\"http:\/\/janeotiniano.com\/?attachment_id=113\" class=\"wp-image-113\" srcset=\"https:\/\/janeoti.com\/wp-content\/uploads\/2020\/01\/70-1024x1024.jpg 1024w, https:\/\/janeoti.com\/wp-content\/uploads\/2020\/01\/70-300x300.jpg 300w, https:\/\/janeoti.com\/wp-content\/uploads\/2020\/01\/70-150x150.jpg 150w, https:\/\/janeoti.com\/wp-content\/uploads\/2020\/01\/70-768x768.jpg 768w, https:\/\/janeoti.com\/wp-content\/uploads\/2020\/01\/70-70x70.jpg 70w, https:\/\/janeoti.com\/wp-content\/uploads\/2020\/01\/70-127x127.jpg 127w, https:\/\/janeoti.com\/wp-content\/uploads\/2020\/01\/70-476x476.jpg 476w, https:\/\/janeoti.com\/wp-content\/uploads\/2020\/01\/70-125x125.jpg 125w, https:\/\/janeoti.com\/wp-content\/uploads\/2020\/01\/70.jpg 1080w\" sizes=\"auto, (max-width: 1024px) 100vw, 1024px\" \/><\/a><\/figure><\/li><li class=\"blocks-gallery-item\"><figure><a href=\"http:\/\/janeotiniano.com\/?attachment_id=114\"><img loading=\"lazy\" decoding=\"async\" width=\"1024\" height=\"1024\" src=\"http:\/\/janeotiniano.com\/wp-content\/uploads\/2020\/01\/72-1024x1024.jpg\" alt=\"\" data-id=\"114\" data-full-url=\"http:\/\/janeotiniano.com\/wp-content\/uploads\/2020\/01\/72.jpg\" data-link=\"http:\/\/janeotiniano.com\/?attachment_id=114\" class=\"wp-image-114\" srcset=\"https:\/\/janeoti.com\/wp-content\/uploads\/2020\/01\/72-1024x1024.jpg 1024w, https:\/\/janeoti.com\/wp-content\/uploads\/2020\/01\/72-300x300.jpg 300w, https:\/\/janeoti.com\/wp-content\/uploads\/2020\/01\/72-150x150.jpg 150w, https:\/\/janeoti.com\/wp-content\/uploads\/2020\/01\/72-768x768.jpg 768w, https:\/\/janeoti.com\/wp-content\/uploads\/2020\/01\/72-70x70.jpg 70w, https:\/\/janeoti.com\/wp-content\/uploads\/2020\/01\/72-127x127.jpg 127w, https:\/\/janeoti.com\/wp-content\/uploads\/2020\/01\/72-476x476.jpg 476w, https:\/\/janeoti.com\/wp-content\/uploads\/2020\/01\/72-125x125.jpg 125w, https:\/\/janeoti.com\/wp-content\/uploads\/2020\/01\/72.jpg 1080w\" sizes=\"auto, (max-width: 1024px) 100vw, 1024px\" \/><\/a><\/figure><\/li><li class=\"blocks-gallery-item\"><figure><a href=\"http:\/\/janeotiniano.com\/?attachment_id=115\"><img loading=\"lazy\" decoding=\"async\" width=\"1024\" height=\"1024\" src=\"http:\/\/janeotiniano.com\/wp-content\/uploads\/2020\/01\/73-1024x1024.jpg\" alt=\"\" data-id=\"115\" data-full-url=\"http:\/\/janeotiniano.com\/wp-content\/uploads\/2020\/01\/73.jpg\" data-link=\"http:\/\/janeotiniano.com\/?attachment_id=115\" class=\"wp-image-115\" srcset=\"https:\/\/janeoti.com\/wp-content\/uploads\/2020\/01\/73-1024x1024.jpg 1024w, https:\/\/janeoti.com\/wp-content\/uploads\/2020\/01\/73-300x300.jpg 300w, https:\/\/janeoti.com\/wp-content\/uploads\/2020\/01\/73-150x150.jpg 150w, https:\/\/janeoti.com\/wp-content\/uploads\/2020\/01\/73-768x768.jpg 768w, https:\/\/janeoti.com\/wp-content\/uploads\/2020\/01\/73-70x70.jpg 70w, https:\/\/janeoti.com\/wp-content\/uploads\/2020\/01\/73-127x127.jpg 127w, https:\/\/janeoti.com\/wp-content\/uploads\/2020\/01\/73-476x476.jpg 476w, https:\/\/janeoti.com\/wp-content\/uploads\/2020\/01\/73-125x125.jpg 125w, https:\/\/janeoti.com\/wp-content\/uploads\/2020\/01\/73.jpg 1080w\" sizes=\"auto, (max-width: 1024px) 100vw, 1024px\" \/><\/a><\/figure><\/li><li class=\"blocks-gallery-item\"><figure><a href=\"http:\/\/janeotiniano.com\/?attachment_id=116\"><img loading=\"lazy\" decoding=\"async\" width=\"1024\" height=\"1024\" src=\"http:\/\/janeotiniano.com\/wp-content\/uploads\/2020\/01\/74-1024x1024.jpg\" alt=\"\" data-id=\"116\" data-full-url=\"http:\/\/janeotiniano.com\/wp-content\/uploads\/2020\/01\/74.jpg\" data-link=\"http:\/\/janeotiniano.com\/?attachment_id=116\" class=\"wp-image-116\" srcset=\"https:\/\/janeoti.com\/wp-content\/uploads\/2020\/01\/74-1024x1024.jpg 1024w, https:\/\/janeoti.com\/wp-content\/uploads\/2020\/01\/74-300x300.jpg 300w, https:\/\/janeoti.com\/wp-content\/uploads\/2020\/01\/74-150x150.jpg 150w, https:\/\/janeoti.com\/wp-content\/uploads\/2020\/01\/74-768x768.jpg 768w, https:\/\/janeoti.com\/wp-content\/uploads\/2020\/01\/74-70x70.jpg 70w, https:\/\/janeoti.com\/wp-content\/uploads\/2020\/01\/74-127x127.jpg 127w, https:\/\/janeoti.com\/wp-content\/uploads\/2020\/01\/74-476x476.jpg 476w, https:\/\/janeoti.com\/wp-content\/uploads\/2020\/01\/74-125x125.jpg 125w, https:\/\/janeoti.com\/wp-content\/uploads\/2020\/01\/74.jpg 1080w\" sizes=\"auto, (max-width: 1024px) 100vw, 1024px\" \/><\/a><\/figure><\/li><li class=\"blocks-gallery-item\"><figure><a href=\"http:\/\/janeotiniano.com\/?attachment_id=117\"><img loading=\"lazy\" decoding=\"async\" width=\"1024\" height=\"1024\" src=\"http:\/\/janeotiniano.com\/wp-content\/uploads\/2020\/01\/75-1024x1024.jpg\" alt=\"\" data-id=\"117\" data-full-url=\"http:\/\/janeotiniano.com\/wp-content\/uploads\/2020\/01\/75.jpg\" data-link=\"http:\/\/janeotiniano.com\/?attachment_id=117\" class=\"wp-image-117\" srcset=\"https:\/\/janeoti.com\/wp-content\/uploads\/2020\/01\/75-1024x1024.jpg 1024w, https:\/\/janeoti.com\/wp-content\/uploads\/2020\/01\/75-300x300.jpg 300w, https:\/\/janeoti.com\/wp-content\/uploads\/2020\/01\/75-150x150.jpg 150w, https:\/\/janeoti.com\/wp-content\/uploads\/2020\/01\/75-768x768.jpg 768w, https:\/\/janeoti.com\/wp-content\/uploads\/2020\/01\/75-70x70.jpg 70w, https:\/\/janeoti.com\/wp-content\/uploads\/2020\/01\/75-127x127.jpg 127w, https:\/\/janeoti.com\/wp-content\/uploads\/2020\/01\/75-476x476.jpg 476w, https:\/\/janeoti.com\/wp-content\/uploads\/2020\/01\/75-125x125.jpg 125w, https:\/\/janeoti.com\/wp-content\/uploads\/2020\/01\/75.jpg 1080w\" sizes=\"auto, (max-width: 1024px) 100vw, 1024px\" \/><\/a><\/figure><\/li><li class=\"blocks-gallery-item\"><figure><a href=\"http:\/\/janeotiniano.com\/71\/\"><img loading=\"lazy\" decoding=\"async\" width=\"1024\" height=\"1024\" src=\"http:\/\/janeotiniano.com\/wp-content\/uploads\/2020\/01\/71-1024x1024.jpg\" alt=\"\" data-id=\"52\" data-full-url=\"http:\/\/janeotiniano.com\/wp-content\/uploads\/2020\/01\/71.jpg\" data-link=\"http:\/\/janeotiniano.com\/71\/\" class=\"wp-image-52\" srcset=\"https:\/\/janeoti.com\/wp-content\/uploads\/2020\/01\/71-1024x1024.jpg 1024w, https:\/\/janeoti.com\/wp-content\/uploads\/2020\/01\/71-300x300.jpg 300w, https:\/\/janeoti.com\/wp-content\/uploads\/2020\/01\/71-150x150.jpg 150w, https:\/\/janeoti.com\/wp-content\/uploads\/2020\/01\/71-768x768.jpg 768w, https:\/\/janeoti.com\/wp-content\/uploads\/2020\/01\/71-70x70.jpg 70w, https:\/\/janeoti.com\/wp-content\/uploads\/2020\/01\/71-127x127.jpg 127w, https:\/\/janeoti.com\/wp-content\/uploads\/2020\/01\/71-476x476.jpg 476w, https:\/\/janeoti.com\/wp-content\/uploads\/2020\/01\/71-125x125.jpg 125w, https:\/\/janeoti.com\/wp-content\/uploads\/2020\/01\/71.jpg 1080w\" sizes=\"auto, (max-width: 1024px) 100vw, 1024px\" \/><\/a><\/figure><\/li><\/ul><\/figure>\n\n\n\n<div class=\"wp-block-button\"><a class=\"wp-block-button__link has-background\" href=\"http:\/\/janeotiniano.com\/portafolio-de-proyectos\/\" style=\"background-color:#0f7784\">Ver otros proyectos &#8230;<\/a><\/div>\n","protected":false},"excerpt":{"rendered":"<p>Ampliaci\u00f3n de m\u00f3dulo en Los Portales, Pimentel, Lambayeque, Per\u00fa FICHA T\u00c9CNICA Dise\u00f1o arquitect\u00f3nico: Jane Otiniano A\u00f1o: 2017 \u00c1rea: 90 m2 Cliente: Privado Descripci\u00f3n del proyecto Esta vivienda dise\u00f1ada para una ing. Agr\u00f3noma, integra perfectamente los ambientes interiores de la casa con terrazas de dise\u00f1o sol &#8211; sombra, en las cuales se podr\u00e1 contar con un [&hellip;]<\/p>\n","protected":false},"author":1,"featured_media":0,"parent":0,"menu_order":0,"comment_status":"closed","ping_status":"closed","template":"page-templates\/no-sidebar.php","meta":{"om_disable_all_campaigns":false,"_monsterinsights_skip_tracking":false,"_monsterinsights_sitenote_active":false,"_monsterinsights_sitenote_note":"","_monsterinsights_sitenote_category":0,"footnotes":""},"class_list":["post-112","page","type-page","status-publish","hentry"],"_links":{"self":[{"href":"https:\/\/janeoti.com\/index.php?rest_route=\/wp\/v2\/pages\/112","targetHints":{"allow":["GET"]}}],"collection":[{"href":"https:\/\/janeoti.com\/index.php?rest_route=\/wp\/v2\/pages"}],"about":[{"href":"https:\/\/janeoti.com\/index.php?rest_route=\/wp\/v2\/types\/page"}],"author":[{"embeddable":true,"href":"https:\/\/janeoti.com\/index.php?rest_route=\/wp\/v2\/users\/1"}],"replies":[{"embeddable":true,"href":"https:\/\/janeoti.com\/index.php?rest_route=%2Fwp%2Fv2%2Fcomments&post=112"}],"version-history":[{"count":3,"href":"https:\/\/janeoti.com\/index.php?rest_route=\/wp\/v2\/pages\/112\/revisions"}],"predecessor-version":[{"id":228,"href":"https:\/\/janeoti.com\/index.php?rest_route=\/wp\/v2\/pages\/112\/revisions\/228"}],"wp:attachment":[{"href":"https:\/\/janeoti.com\/index.php?rest_route=%2Fwp%2Fv2%2Fmedia&parent=112"}],"curies":[{"name":"wp","href":"https:\/\/api.w.org\/{rel}","templated":true}]}}